{"id":495,"date":"2025-05-06T10:29:15","date_gmt":"2025-05-06T08:29:15","guid":{"rendered":"https:\/\/www.schmankerlstube.at\/?page_id=495"},"modified":"2025-08-26T15:54:33","modified_gmt":"2025-08-26T13:54:33","slug":"impressum","status":"publish","type":"page","link":"https:\/\/www.schmankerlstube.at\/en\/impressum\/","title":{"rendered":"imprint"},"content":{"rendered":"<img decoding=\"async\" src=\"https:\/\/www.schmankerlstube.at\/wp-content\/uploads\/2025\/02\/logoIcon.png\" alt=\"logoIcon\" itemprop=\"image\" height=\"253\" width=\"240\" title=\"logo icon\" onerror=\"this.style.display='none'\" loading='lazy' \/>\n\t<p>&nbsp;<\/p>\n<h2><\/h2>\n\t<h3>Oberl\u00e4nder KG<\/h3>\nSackstrasse 10<br \/>\n8010 Graz<br \/>\n<a href=\"tel: +43 316 833 211\">T: +43 316 833 211<\/a><br \/>\n<a href=\"mailto:office@schmankerlstube.at\" target=\"_blank\" rel=\"noopener\">office@schmankerlstube.at<\/a>\n\t<h3>Conception, design &amp; technical implementation<\/h3>\n<p>The stylish and technically sophisticated website of the Altsteirischen Schmankerlstube was created by <a href=\"https:\/\/www.bitstudios.at\/\">bitSTUDIOS KG &#8211; Webdesign Agentur Graz<\/a> origin\u00e4r entwickelt. Unser Bestreben lag darin, die bodenst\u00e4ndige Gastlichkeit und die lebendige steirische Tradition dieses traditionsreichen Restaurants online greifbar zu machen &#8211; mit beeindruckender Bildsprache, klarer Men\u00fcstruktur und einer benutzerfreundlichen Reservierungsfunktion.<\/p>\n<p>Mit viel Fingerspitzengef\u00fchl haben wir Elemente der regionalen K\u00fcche, die warme Atmosph\u00e4re und die typische Gastfreundlichkeit in das digitale Erscheinungsbild \u00fcbernommen. Durch den Einsatz modernster Technik haben wir die Seite f\u00fcr mobile Endger\u00e4te optimiert und eine Pflege via CMS erm\u00f6glicht, damit etwaige Updates wie Men\u00fcs oder Veranstaltungen unkompliziert selbst vorgenommen werden k\u00f6nnen. Erg\u00e4nzend kamen klassische Printprodukte wie Gutscheine und Flyer zum Einsatz &#8211; nat\u00fcrlich im Einklang mit dem Online-CI, um die Marke konzise und durchg\u00e4ngig sichtbar zu halten.<\/p>\n<p>Der gesamte Prozess, von der Ursprungsidee bis zur finalen Umsetzung, zeichnete sich durch hohe Qualit\u00e4t, individuelle Beratung und eine deutliche Pr\u00e4senz im Internet aus. bitSTUDIOS KG hat mit diesem Projekt &#8211; wie bereits in vielen anderen in Graz &#8211; gezeigt, wie sich Tradition und digitale Modernit\u00e4t harmonisch vereinen lassen.<\/p>","protected":false},"excerpt":{"rendered":"<p>&nbsp; Oberl\u00e4nder KG Sackstra\u00dfe 10 8010 Graz T: +43 316 833 211 office@schmankerlstube.at Konzeption, Gestaltung &amp; technische Umsetzung Die stilvolle und technisch durchdachte Website der Altsteirischen Schmankerlstube wurde von bitSTUDIOS KG &#8211; Webdesign Agentur Graz origin\u00e4r entwickelt. Unser Bestreben lag darin, die bodenst\u00e4ndige Gastlichkeit und die lebendige steirische Tradition dieses traditionsreichen Restaurants online greifbar zu &#8230; <a title=\"imprint\" class=\"read-more\" href=\"https:\/\/www.schmankerlstube.at\/en\/impressum\/\" aria-label=\"Read more about Impressum\">Read more<\/a><\/p>","protected":false},"author":2,"featured_media":0,"parent":0,"menu_order":0,"comment_status":"closed","ping_status":"closed","template":"","meta":{"footnotes":""},"class_list":["post-495","page","type-page","status-publish"],"_links":{"self":[{"href":"https:\/\/www.schmankerlstube.at\/en\/wp-json\/wp\/v2\/pages\/495","targetHints":{"allow":["GET"]}}],"collection":[{"href":"https:\/\/www.schmankerlstube.at\/en\/wp-json\/wp\/v2\/pages"}],"about":[{"href":"https:\/\/www.schmankerlstube.at\/en\/wp-json\/wp\/v2\/types\/page"}],"author":[{"embeddable":true,"href":"https:\/\/www.schmankerlstube.at\/en\/wp-json\/wp\/v2\/users\/2"}],"replies":[{"embeddable":true,"href":"https:\/\/www.schmankerlstube.at\/en\/wp-json\/wp\/v2\/comments?post=495"}],"version-history":[{"count":0,"href":"https:\/\/www.schmankerlstube.at\/en\/wp-json\/wp\/v2\/pages\/495\/revisions"}],"wp:attachment":[{"href":"https:\/\/www.schmankerlstube.at\/en\/wp-json\/wp\/v2\/media?parent=495"}],"curies":[{"name":"wp","href":"https:\/\/api.w.org\/{rel}","templated":true}]}}