{"id":553,"date":"2025-07-01T15:07:16","date_gmt":"2025-07-01T13:07:16","guid":{"rendered":"https:\/\/www.schmankerlstube.at\/?page_id=553"},"modified":"2025-07-10T14:45:14","modified_gmt":"2025-07-10T12:45:14","slug":"reservierungen","status":"publish","type":"page","link":"https:\/\/www.schmankerlstube.at\/en\/reservierungen\/","title":{"rendered":"Reservations"},"content":{"rendered":"<img decoding=\"async\" src=\"https:\/\/www.schmankerlstube.at\/wp-content\/uploads\/2025\/02\/logoIcon.png\" alt=\"logoIcon\" itemprop=\"image\" height=\"253\" width=\"240\" title=\"logo icon\" onerror=\"this.style.display='none'\" loading='lazy' \/>\n\t<h2>\u00a0Reserve a table online \u2013 quick &amp; easy<\/h2>\n\t<h5><strong>For small reservations up to 8 people<\/strong><\/h5>\n<p>Use our convenient online booking system with immediate confirmation.<\/p>\n<p>You can see immediately when tables are still available \u2013 reservations can be made up to 4 hours in advance.<\/p>\n<p><button id=\"myCustomChatButton\">Reserve a table online now <\/button><\/p>\n\n<h5><strong>Spontaneous visits or short-term inquiries?<\/strong><\/h5>\n<p>Please call us directly:<strong> <a href=\"tel:0043316833211\">0316 \/ 833211<\/a><\/strong><\/p>\n\t<h5><strong>Larger groups &amp; events<\/strong><\/h5>\nFor reservations for 9 people or more, family celebrations, corporate dinners or other events, please contact us directly:<br \/>\n<a href=\"mailto:office@schmankerlstube.at\">office@schmankerlstube.at<\/a> or use our contact form\n\t<div class=\"frm_forms  with_frm_style frm_style_divi\" id=\"frm_form_3_container\" data-token=\"7b27158943c9ea758bd04e640e3c2516\">\n<form enctype=\"multipart\/form-data\" method=\"post\" class=\"frm-show-form  frm_js_validate  frm_ajax_submit  frm_pro_form\" id=\"form_gutschein22\" data-token=\"7b27158943c9ea758bd04e640e3c2516\" action=\"\">\n<div class=\"frm_form_fields\">\n<fieldset>\n<legend class=\"frm_screen_reader\">reservation<\/legend>\r\n\r\n<div class=\"frm_fields_container\">\n<input type=\"hidden\" name=\"frm_action\" value=\"create\" \/>\n<input type=\"hidden\" name=\"form_id\" value=\"3\" \/>\n<input type=\"hidden\" name=\"frm_hide_fields_3\" id=\"frm_hide_fields_3\" value=\"\" \/>\n<input type=\"hidden\" name=\"form_key\" value=\"gutschein22\" \/>\n<input type=\"hidden\" name=\"item_meta[0]\" value=\"\" \/>\n<input type=\"hidden\" id=\"frm_submit_entry_3\" name=\"frm_submit_entry_3\" value=\"d18e88d901\" \/><input type=\"hidden\" name=\"_wp_http_referer\" value=\"\/en\/wp-json\/wp\/v2\/pages\/553\" \/><div id=\"frm_field_22_container\" class=\"frm_form_field form-field  frm_required_field frm_inside_container frm6 frm_first\">\n\t<label for=\"field_8bs123\" id=\"field_8bs123_label\" class=\"frm_primary_label\">First and Last Name:\n\t\t<span class=\"frm_required\" aria-hidden=\"true\">*<\/span>\n\t<\/label>\n\t<input  type=\"text\" id=\"field_8bs123\" name=\"item_meta[22]\" value=\"\"  data-reqmsg=\"Vor- und Nachname: kann nicht leer sein.\" aria-required=\"true\" data-invmsg=\"Vor- und Nachname: ist ung\u00fcltig\" aria-invalid=\"false\"   \/>\n\t\n\t\n<\/div>\n<div id=\"frm_field_14_container\" class=\"frm_form_field form-field  frm_required_field frm_inside_container frm6\">\r\n\t<label for=\"field_acytu2\" id=\"field_acytu2_label\" class=\"frm_primary_label\">How many people would you like to reserve?\r\n\t\t<span class=\"frm_required\" aria-hidden=\"true\">*<\/span>\r\n\t<\/label>\r\n\t<input  type=\"text\" id=\"field_acytu2\" name=\"item_meta[14]\" value=\"\"  data-reqmsg=\"Wie viele Personen m\u00f6chten Sie reservieren? kann nicht leer sein.\" aria-required=\"true\" data-invmsg=\"Wie viele Personen m\u00f6chten Sie reservieren? ist ung\u00fcltig\" aria-invalid=\"false\"   \/>\r\n\t\r\n\t\r\n<\/div>\n<div id=\"frm_field_15_container\" class=\"frm_form_field form-field  frm_required_field frm_inside_container frm12 frm_first\">\r\n\t<label for=\"field_8thmx2\" id=\"field_8thmx2_label\" class=\"frm_primary_label\">Date and time of the event\r\n\t\t<span class=\"frm_required\" aria-hidden=\"true\">*<\/span>\r\n\t<\/label>\r\n\t<input  type=\"text\" id=\"field_8thmx2\" name=\"item_meta[15]\" value=\"\"  data-reqmsg=\"Datum und ggf. Uhrzeit der Veranstaltung kann nicht leer sein.\" aria-required=\"true\" data-invmsg=\"Datum und ggf. Uhrzeit der Veranstaltung ist ung\u00fcltig\" aria-invalid=\"false\"   \/>\r\n\t\r\n\t\r\n<\/div>\n<div id=\"frm_field_16_container\" class=\"frm_form_field form-field  frm_required_field frm_inside_container frm12 frm_first\">\r\n\t<label for=\"field_8bs12\" id=\"field_8bs12_label\" class=\"frm_primary_label\">Type of event (e.g. birthday party, company dinner, Christmas party ...)\r\n\t\t<span class=\"frm_required\" aria-hidden=\"true\">*<\/span>\r\n\t<\/label>\r\n\t<input  type=\"text\" id=\"field_8bs12\" name=\"item_meta[16]\" value=\"\"  data-reqmsg=\"Art der Veranstaltung (z.\u202fB. Geburtstagsfeier, Firmenessen, Weihnachtsfeier \u2026) kann nicht leer sein.\" aria-required=\"true\" data-invmsg=\"Art der Veranstaltung (z.\u202fB. Geburtstagsfeier, Firmenessen, Weihnachtsfeier \u2026) ist ung\u00fcltig\" aria-invalid=\"false\"   \/>\r\n\t\r\n\t\r\n<\/div>\n<div id=\"frm_field_18_container\" class=\"frm_form_field form-field  frm_required_field frm_top_container frm_display_format_buttons frm_text_align_left\">\r\n\t<div  id=\"field_l1ajj2_label\" class=\"frm_primary_label\">Would you like to receive a menu offer from us or would you prefer to order \u00e0 la carte?\r\n\t\t<span class=\"frm_required\" aria-hidden=\"true\">*<\/span>\r\n\t<\/div>\r\n\t<div class=\"frm_opt_container\" aria-labelledby=\"field_l1ajj2_label\" role=\"radiogroup\" aria-required=\"true\">\t\t<div class=\"frm_radio\" id=\"frm_radio_18-0\">\t\t\t<label  for=\"field_l1ajj2-0\">\n\t\t\t\t\t<input type=\"radio\" name=\"item_meta[18]\" id=\"field_l1ajj2-0\" value=\"Men\u00fcangebot\"\n\t\t   data-reqmsg=\"M\u00f6chten Sie ein Men\u00fcangebot von uns erhalten oder lieber \u00e0 la carte bestellen? kann nicht leer sein.\" data-invmsg=\"M\u00f6chten Sie ein Men\u00fcangebot von uns erhalten oder lieber \u00e0 la carte bestellen? ist ung\u00fcltig\" aria-invalid=\"false\"  \/> <div class=\"frm_label_button_container\">Menu offer<\/div><\/label><\/div>\n\t\t<div class=\"frm_radio\" id=\"frm_radio_18-1\">\t\t\t<label  for=\"field_l1ajj2-1\">\n\t\t\t\t\t<input type=\"radio\" name=\"item_meta[18]\" id=\"field_l1ajj2-1\" value=\"\u00e0 la carte\"\n\t\t   data-reqmsg=\"M\u00f6chten Sie ein Men\u00fcangebot von uns erhalten oder lieber \u00e0 la carte bestellen? kann nicht leer sein.\" data-invmsg=\"M\u00f6chten Sie ein Men\u00fcangebot von uns erhalten oder lieber \u00e0 la carte bestellen? ist ung\u00fcltig\" aria-invalid=\"false\"  \/> <div class=\"frm_label_button_container\">\u00e0 la carte<\/div><\/label><\/div>\n<\/div>\r\n\t\r\n\t\r\n<\/div>\n<div id=\"frm_field_21_container\" class=\"frm_form_field form-field  frm_required_field frm_inside_container frm12 frm_first\">\n\t<label for=\"field_8bs122\" id=\"field_8bs122_label\" class=\"frm_primary_label\">Email or phone number for feedback:\n\t\t<span class=\"frm_required\" aria-hidden=\"true\">*<\/span>\n\t<\/label>\n\t<input  type=\"text\" id=\"field_8bs122\" name=\"item_meta[21]\" value=\"\"  data-reqmsg=\"Email oder Telefonnummer f\u00fcr die R\u00fcckmeldung: kann nicht leer sein.\" aria-required=\"true\" data-invmsg=\"Email oder Telefonnummer f\u00fcr die R\u00fcckmeldung: ist ung\u00fcltig\" aria-invalid=\"false\"   \/>\n\t\n\t\n<\/div>\n<div id=\"frm_field_20_container\" class=\"frm_form_field form-field\">\r\n\t<div class=\"frm_submit frm_flex\">\r\n<button class=\"frm_button_submit frm_final_submit\" type=\"submit\"  >Send<\/button>\r\n\r\n\r\n\r\n<\/div>\r\n<\/div>\n\t<input type=\"hidden\" name=\"item_key\" value=\"\" \/>\n\t\t\t<div id=\"frm_field_23_container\">\n\t\t\t<label for=\"field_f73w2\" >\n\t\t\t\tIf you are human, leave this field blank.\t\t\t<\/label>\n\t\t\t<input  id=\"field_f73w2\" type=\"text\" class=\"frm_form_field form-field frm_verify\" name=\"item_meta[23]\" value=\"\"  \/>\n\t\t<\/div>\n\t\t<input name=\"frm_state\" type=\"hidden\" value=\"6cOdvyXKZN39a9PazyigufOcbxRhqKL+ngKVJh7kB3ca7SLfO\/y6iJW3eYahS92N\" \/><\/div>\n<\/fieldset>\n<\/div>\n\n<input type=\"hidden\" name=\"trp-form-language\" value=\"en\"\/><\/form>\n<\/div>\n\n\t<p><strong>We look forward to planning your celebration together with you!<\/strong><\/p>","protected":false},"excerpt":{"rendered":"<p>\u00a0Reserve a table online \u2013 quickly &amp; easily. For small reservations for up to 8 people, you can conveniently use our online booking system with instant confirmation. You&#039;ll immediately see when tables are still available \u2013 reservations can be made up to 4 hours in advance. Reserve a table online now. Spontaneous visits or last-minute inquiries? Feel free to call us directly: +49 316 833211... <a title=\"Reservations\" class=\"read-more\" href=\"https:\/\/www.schmankerlstube.at\/en\/reservierungen\/\" aria-label=\"Read more about Reservations\">Read more<\/a><\/p>","protected":false},"author":3,"featured_media":0,"parent":0,"menu_order":0,"comment_status":"closed","ping_status":"closed","template":"","meta":{"footnotes":""},"class_list":["post-553","page","type-page","status-publish"],"_links":{"self":[{"href":"https:\/\/www.schmankerlstube.at\/en\/wp-json\/wp\/v2\/pages\/553","targetHints":{"allow":["GET"]}}],"collection":[{"href":"https:\/\/www.schmankerlstube.at\/en\/wp-json\/wp\/v2\/pages"}],"about":[{"href":"https:\/\/www.schmankerlstube.at\/en\/wp-json\/wp\/v2\/types\/page"}],"author":[{"embeddable":true,"href":"https:\/\/www.schmankerlstube.at\/en\/wp-json\/wp\/v2\/users\/3"}],"replies":[{"embeddable":true,"href":"https:\/\/www.schmankerlstube.at\/en\/wp-json\/wp\/v2\/comments?post=553"}],"version-history":[{"count":0,"href":"https:\/\/www.schmankerlstube.at\/en\/wp-json\/wp\/v2\/pages\/553\/revisions"}],"wp:attachment":[{"href":"https:\/\/www.schmankerlstube.at\/en\/wp-json\/wp\/v2\/media?parent=553"}],"curies":[{"name":"wp","href":"https:\/\/api.w.org\/{rel}","templated":true}]}}